{"id":55,"date":"2016-04-10T17:15:12","date_gmt":"2016-04-10T16:15:12","guid":{"rendered":"https:\/\/dendropark.eu\/?page_id=55"},"modified":"2019-01-08T20:01:50","modified_gmt":"2019-01-08T19:01:50","slug":"meedia","status":"publish","type":"page","link":"https:\/\/dendropark.eu\/?page_id=55","title":{"rendered":"Meedia"},"content":{"rendered":"<h3><strong>ELU LEGENDIGA<\/strong><\/h3>\n<p>01.09.2015 Eve Veigel<\/p>\n<h3><strong>J\u00e4ise pintsliga maalitud vaated<\/strong><\/h3>\n<p>22.02.2015<\/p>\n<p><a href=\"http:\/\/maakodu.delfi.ee\/news\/maakodu\/kodu\/jaise-pintsliga-maalitud-vaated?id=67528448\">http:\/\/maakodu.delfi.ee\/news\/maakodu\/kodu\/jaise-pintsliga-maalitud-vaated?id=67528448<\/a><\/p>\n<p><a href=\"https:\/\/dendropark.eu\/wp-content\/uploads\/2016\/04\/Snap7.jpg\" rel=\"attachment wp-att-63\"><img loading=\"lazy\" decoding=\"async\" class=\"alignnone size-medium wp-image-63\" src=\"https:\/\/dendropark.eu\/wp-content\/uploads\/2016\/04\/Snap7-300x151.jpg\" alt=\"Monika ja Ingrid Smaragd\" width=\"300\" height=\"151\" srcset=\"https:\/\/dendropark.eu\/wp-content\/uploads\/2016\/04\/Snap7-300x151.jpg 300w, https:\/\/dendropark.eu\/wp-content\/uploads\/2016\/04\/Snap7.jpg 737w\" sizes=\"auto, (max-width: 300px) 100vw, 300px\" \/><\/a><\/p>\n<h3><strong>Meenutades suve koos kanaal 11 &#8220;aedniku aabitsa&#8221; saatega\u00a0<\/strong><\/h3>\n<p>Aedniku aabits 25.09.2014<br \/>\nPr Aino Aasp\u00f5llu tutvustab haruldasi puid.<\/p>\n<h3><strong>Maahommik<\/strong><\/h3>\n<p>16.07.2014<\/p>\n<p><a href=\"https:\/\/arhiiv.err.ee\/vaata\/aia-elu-monika-kannelmae-dendropark\">https:\/\/arhiiv.err.ee\/vaata\/aia-elu-monika-kannelmae-dendropark<\/a><\/p>\n<h3><strong>Dendropark Unimagun varjatud p\u00e4rl R\u00e4tla k\u00fclas<\/strong><\/h3>\n<p>Avaldatud 02 August 2013<\/p>\n<h3><strong>AED NAGU AARE<\/strong><\/h3>\n<p>02.05.2013\u00a0Eve Veigel<\/p>\n","protected":false},"excerpt":{"rendered":"<p>ELU LEGENDIGA 01.09.2015 Eve Veigel J\u00e4ise pintsliga maalitud vaated 22.02.2015 http:\/\/maakodu.delfi.ee\/news\/maakodu\/kodu\/jaise-pintsliga-maalitud-vaated?id=67528448 Meenutades suve koos kanaal 11 &#8220;aedniku aabitsa&#8221; saatega\u00a0 Aedniku aabits 25.09.2014 Pr Aino Aasp\u00f5llu tutvustab haruldasi puid. Maahommik 16.07.2014 https:\/\/arhiiv.err.ee\/vaata\/aia-elu-monika-kannelmae-dendropark Dendropark Unimagun varjatud p\u00e4rl R\u00e4tla k\u00fclas Avaldatud 02 August 2013 AED NAGU AARE 02.05.2013\u00a0Eve Veigel<\/p>\n","protected":false},"author":1,"featured_media":63,"parent":0,"menu_order":0,"comment_status":"closed","ping_status":"closed","template":"","meta":{"footnotes":""},"class_list":["post-55","page","type-page","status-publish","has-post-thumbnail","hentry"],"_links":{"self":[{"href":"https:\/\/dendropark.eu\/index.php?rest_route=\/wp\/v2\/pages\/55","targetHints":{"allow":["GET"]}}],"collection":[{"href":"https:\/\/dendropark.eu\/index.php?rest_route=\/wp\/v2\/pages"}],"about":[{"href":"https:\/\/dendropark.eu\/index.php?rest_route=\/wp\/v2\/types\/page"}],"author":[{"embeddable":true,"href":"https:\/\/dendropark.eu\/index.php?rest_route=\/wp\/v2\/users\/1"}],"replies":[{"embeddable":true,"href":"https:\/\/dendropark.eu\/index.php?rest_route=%2Fwp%2Fv2%2Fcomments&post=55"}],"version-history":[{"count":10,"href":"https:\/\/dendropark.eu\/index.php?rest_route=\/wp\/v2\/pages\/55\/revisions"}],"predecessor-version":[{"id":115,"href":"https:\/\/dendropark.eu\/index.php?rest_route=\/wp\/v2\/pages\/55\/revisions\/115"}],"wp:featuredmedia":[{"embeddable":true,"href":"https:\/\/dendropark.eu\/index.php?rest_route=\/wp\/v2\/media\/63"}],"wp:attachment":[{"href":"https:\/\/dendropark.eu\/index.php?rest_route=%2Fwp%2Fv2%2Fmedia&parent=55"}],"curies":[{"name":"wp","href":"https:\/\/api.w.org\/{rel}","templated":true}]}}