{"id":17,"date":"2016-04-10T06:51:42","date_gmt":"2016-04-10T05:51:42","guid":{"rendered":"https:\/\/dendropark.eu\/?page_id=17"},"modified":"2020-01-16T21:14:07","modified_gmt":"2020-01-16T20:14:07","slug":"ajalugu","status":"publish","type":"page","link":"https:\/\/dendropark.eu\/?page_id=17","title":{"rendered":"Ajalugu"},"content":{"rendered":"<p><strong>\u00a0<\/strong>Nippi\/Uddara k\u00f5rts<\/p>\n<p>Raasiku vallas R\u00e4tla k\u00fclas asus 17.sajandil\u00a0kaks Nipi talu \u00fche peremeheks Steinberg ja teise peremeheks Mart Heinrichsen (Hinrekson) , kelle talu nimetati<\/p>\n<p>\u201c K\u00f5rtsutaluks\u201d kuid ametlike kirjade j\u00e4rgi oli see Uddara.\u00a0Kaart<\/p>\n<p><a href=\"https:\/\/dendropark.eu\/wp-content\/uploads\/2016\/04\/733845_516988611680231_1885729730_n.jpg\" rel=\"attachment wp-att-18\"><img loading=\"lazy\" decoding=\"async\" class=\"alignnone size-medium wp-image-18\" src=\"https:\/\/dendropark.eu\/wp-content\/uploads\/2016\/04\/733845_516988611680231_1885729730_n-300x268.jpg\" alt=\"Nipi k\u00f5rts 1860 (smaragd)\" width=\"300\" height=\"268\" srcset=\"https:\/\/dendropark.eu\/wp-content\/uploads\/2016\/04\/733845_516988611680231_1885729730_n-300x268.jpg 300w, https:\/\/dendropark.eu\/wp-content\/uploads\/2016\/04\/733845_516988611680231_1885729730_n-768x686.jpg 768w, https:\/\/dendropark.eu\/wp-content\/uploads\/2016\/04\/733845_516988611680231_1885729730_n.jpg 960w\" sizes=\"auto, (max-width: 300px) 100vw, 300px\" \/><\/a><\/p>\n<p>Nippi k\u00f5rts kaardil\u00a0EAA.3724.4.237 leht 1\u00a0General-Charte von den im Ehstl\u00e4ndischen Gouvernement, Harrischen Kreise und St. Johannischen Kirchspiele belegenen privaten G\u00fctern Pergel &amp; Rettel. Dateering 1860 \u2013 1862<\/p>\n<p>Uddara talu maadel tegutses &#8220;Nipi talik\u00f5rts&#8221; veel\u00a0esimese Eesti Vabariigi ajal.<\/p>\n<p>Maja lagunes ja 1982 aastal ostis Aksel Kurt lagunenud hooned, mida \u00fcmbritses v\u00f5sastunud aed.<\/p>\n<p>Aksel Kurdil\u00a0oli suur unistus, luua iluaed.<\/p>\n<p><a href=\"https:\/\/dendropark.eu\/wp-content\/uploads\/2016\/04\/aksel1_large.jpg\" rel=\"attachment wp-att-50\"><img loading=\"lazy\" decoding=\"async\" class=\"alignnone size-medium wp-image-50\" src=\"https:\/\/dendropark.eu\/wp-content\/uploads\/2016\/04\/aksel1_large-221x300.jpg\" alt=\"Aksel Kurt Smaragd\" width=\"221\" height=\"300\" srcset=\"https:\/\/dendropark.eu\/wp-content\/uploads\/2016\/04\/aksel1_large-221x300.jpg 221w, https:\/\/dendropark.eu\/wp-content\/uploads\/2016\/04\/aksel1_large.jpg 262w\" sizes=\"auto, (max-width: 221px) 100vw, 221px\" \/><\/a><\/p>\n<p>Aksel Kurt\u00a0renoveeris v\u00e4ikese osa suurest &#8220;K\u00f5rtsu talust&#8221;, \u00fcmber maja istutas metsviinapuu.<\/p>\n<p><a href=\"https:\/\/dendropark.eu\/wp-content\/uploads\/2016\/04\/maja-19822.jpg\" rel=\"attachment wp-att-20\"><img loading=\"lazy\" decoding=\"async\" class=\"alignnone size-medium wp-image-20\" src=\"https:\/\/dendropark.eu\/wp-content\/uploads\/2016\/04\/maja-19822-300x191.jpg\" alt=\"maja 1982:2\" width=\"300\" height=\"191\" srcset=\"https:\/\/dendropark.eu\/wp-content\/uploads\/2016\/04\/maja-19822-300x191.jpg 300w, https:\/\/dendropark.eu\/wp-content\/uploads\/2016\/04\/maja-19822-768x488.jpg 768w, https:\/\/dendropark.eu\/wp-content\/uploads\/2016\/04\/maja-19822-1024x651.jpg 1024w, https:\/\/dendropark.eu\/wp-content\/uploads\/2016\/04\/maja-19822-1200x763.jpg 1200w, https:\/\/dendropark.eu\/wp-content\/uploads\/2016\/04\/maja-19822.jpg 1736w\" sizes=\"auto, (max-width: 300px) 100vw, 300px\" \/><\/a><\/p>\n<p>Kunagise Udara talu k\u00f5rtsihoone on inimeste silma alt kadunud \u00fcsna erakordsel viisil. Ei ole seda matnud unustuse lained ega l\u00f5petanud ajahambad, vaid maja on n\u00fc\u00fcdseks l\u00f5plikult enda alla matnud metsviinapuu roheline tekk.<\/p>\n<p><a href=\"https:\/\/dendropark.eu\/wp-content\/uploads\/2016\/04\/unspecified.jpeg\" rel=\"attachment wp-att-21\"><img loading=\"lazy\" decoding=\"async\" class=\"alignnone size-medium wp-image-21\" src=\"https:\/\/dendropark.eu\/wp-content\/uploads\/2016\/04\/unspecified-300x200.jpeg\" alt=\"K\u00f5rtsu talu (smaragd)\" width=\"300\" height=\"200\" srcset=\"https:\/\/dendropark.eu\/wp-content\/uploads\/2016\/04\/unspecified-300x200.jpeg 300w, https:\/\/dendropark.eu\/wp-content\/uploads\/2016\/04\/unspecified-768x512.jpeg 768w, https:\/\/dendropark.eu\/wp-content\/uploads\/2016\/04\/unspecified.jpeg 1024w\" sizes=\"auto, (max-width: 300px) 100vw, 300px\" \/><\/a><\/p>\n<p>1987 aastal hakkas Aksel iluaeda rajama koos elukaaslase, legendaarse maastikuarhitekti ja aiakujundaja Irma Tunglaga.<\/p>\n<p><a href=\"https:\/\/dendropark.eu\/wp-content\/uploads\/2016\/04\/P6250002-2.jpg\" rel=\"attachment wp-att-22\"><img loading=\"lazy\" decoding=\"async\" class=\"alignnone size-medium wp-image-22\" src=\"https:\/\/dendropark.eu\/wp-content\/uploads\/2016\/04\/P6250002-2-225x300.jpg\" alt=\"Irma Tungal (Smaragd)\" width=\"225\" height=\"300\" srcset=\"https:\/\/dendropark.eu\/wp-content\/uploads\/2016\/04\/P6250002-2-225x300.jpg 225w, https:\/\/dendropark.eu\/wp-content\/uploads\/2016\/04\/P6250002-2-768x1024.jpg 768w, https:\/\/dendropark.eu\/wp-content\/uploads\/2016\/04\/P6250002-2-1200x1600.jpg 1200w, https:\/\/dendropark.eu\/wp-content\/uploads\/2016\/04\/P6250002-2.jpg 1704w\" sizes=\"auto, (max-width: 225px) 100vw, 225px\" \/>\u00a0<\/a><\/p>\n<p>Kummalgi oli oma erihuvi \u2013 Akslil selgelt suurem\u00f5\u00f5tmelised puud-p\u00f5\u00f5sad ja dendropargi rajamine, Irma Tungal tundis aga p\u00fcsikuid ning ongi j\u00e4\u00e4nud meie aianduse ajalukku, kui andekaim \u201elilledega maalija\u201d ehk p\u00fcsikupeenarde kujundaja.<\/p>\n<p>Koos rajati aeda umbes 20 aastat. Selleks ajaks laius aed juba 1,5 ha suurusel maaalal.<\/p>\n<p>Aed sai palju tunnustust ja v\u00f5itis \u00a0preemiaid:<\/p>\n<ul>\n<li>ajakiri &#8220;Maakodu&#8221; 1999 v\u00f5itja<\/li>\n<li>ajakiri &#8220;Kodua ja aed&#8221; 2000 v\u00f5itja<\/li>\n<li>Vabariigi peaministri Siim Kallase aukiri.<\/li>\n<\/ul>\n<p>2010 aastal lahkus meie hulgast Aksel Kurt ja oma elut\u00f6\u00f6 p\u00e4randas t\u00fctrele Monika Kannelm\u00e4ele.<\/p>\n<p>Monika alustas aia hooldamise- ja edasi arendamisega. T\u00e4naseks p\u00e4evaks on hooldatud aiaosa 2 ha.<\/p>\n<p>K\u00f5rtsu talu ajast laiutab aias suursugune, umbes 160 aastane tamm<\/p>\n<p><a href=\"https:\/\/dendropark.eu\/wp-content\/uploads\/2016\/04\/Tammpeegeldus.jpg\" rel=\"attachment wp-att-37\"><img loading=\"lazy\" decoding=\"async\" class=\"alignnone size-medium wp-image-37\" src=\"https:\/\/dendropark.eu\/wp-content\/uploads\/2016\/04\/Tammpeegeldus-300x169.jpg\" alt=\"Tammpeegeldus Smaragd\" width=\"300\" height=\"169\" srcset=\"https:\/\/dendropark.eu\/wp-content\/uploads\/2016\/04\/Tammpeegeldus-300x169.jpg 300w, https:\/\/dendropark.eu\/wp-content\/uploads\/2016\/04\/Tammpeegeldus-768x432.jpg 768w, https:\/\/dendropark.eu\/wp-content\/uploads\/2016\/04\/Tammpeegeldus-1024x576.jpg 1024w, https:\/\/dendropark.eu\/wp-content\/uploads\/2016\/04\/Tammpeegeldus-1200x675.jpg 1200w\" sizes=\"auto, (max-width: 300px) 100vw, 300px\" \/><\/a><\/p>\n<p>Alates 2015 aastast kannab dendropark nime &#8220;Smaragd&#8221;<\/p>\n<p>Mitmed tiigid, tihe taimestus, erinevad aiaruumid ja paljud kaunid aiavaated teevad sellest \u00fche Eesti erilisema kujundusega eraaia. Salaaed, kus iga m\u00f5ne sammu j\u00e4rel avaneb uus vaade. Aias leidub avastamisr\u00f5\u00f5mu nii suurtele, kui ka v\u00e4ikestele.\u00a0<\/p>\n<p>Alates maist 2020 avame k\u00fclastajatele looduspargi osa, koos loomadega.<\/p>\n<p><strong>Ootame k\u00fclla!<\/strong><\/p>\n\n\n<figure class=\"wp-block-image size-large\"><img loading=\"lazy\" decoding=\"async\" width=\"960\" height=\"720\" src=\"https:\/\/dendropark.eu\/wp-content\/uploads\/2020\/01\/71220847_920020671702027_3826831314028331008_n-1.jpg\" alt=\"\" class=\"wp-image-148\" srcset=\"https:\/\/dendropark.eu\/wp-content\/uploads\/2020\/01\/71220847_920020671702027_3826831314028331008_n-1.jpg 960w, https:\/\/dendropark.eu\/wp-content\/uploads\/2020\/01\/71220847_920020671702027_3826831314028331008_n-1-300x225.jpg 300w, https:\/\/dendropark.eu\/wp-content\/uploads\/2020\/01\/71220847_920020671702027_3826831314028331008_n-1-768x576.jpg 768w, https:\/\/dendropark.eu\/wp-content\/uploads\/2020\/01\/71220847_920020671702027_3826831314028331008_n-1-830x623.jpg 830w, https:\/\/dendropark.eu\/wp-content\/uploads\/2020\/01\/71220847_920020671702027_3826831314028331008_n-1-230x173.jpg 230w, https:\/\/dendropark.eu\/wp-content\/uploads\/2020\/01\/71220847_920020671702027_3826831314028331008_n-1-350x263.jpg 350w, https:\/\/dendropark.eu\/wp-content\/uploads\/2020\/01\/71220847_920020671702027_3826831314028331008_n-1-480x360.jpg 480w\" sizes=\"auto, (max-width: 960px) 100vw, 960px\" \/><\/figure>\n","protected":false},"excerpt":{"rendered":"<p>\u00a0Nippi\/Uddara k\u00f5rts Raasiku vallas R\u00e4tla k\u00fclas asus 17.sajandil\u00a0kaks Nipi talu \u00fche peremeheks Steinberg ja teise peremeheks Mart Heinrichsen (Hinrekson) , kelle talu nimetati \u201c K\u00f5rtsutaluks\u201d kuid ametlike kirjade j\u00e4rgi oli see Uddara.\u00a0Kaart Nippi k\u00f5rts kaardil\u00a0EAA.3724.4.237 leht 1\u00a0General-Charte von den im Ehstl\u00e4ndischen Gouvernement, Harrischen Kreise und St. Johannischen Kirchspiele belegenen privaten G\u00fctern Pergel &amp; Rettel. Dateering [&hellip;]<\/p>\n","protected":false},"author":1,"featured_media":0,"parent":0,"menu_order":0,"comment_status":"closed","ping_status":"closed","template":"","meta":{"footnotes":""},"class_list":["post-17","page","type-page","status-publish","hentry"],"_links":{"self":[{"href":"https:\/\/dendropark.eu\/index.php?rest_route=\/wp\/v2\/pages\/17","targetHints":{"allow":["GET"]}}],"collection":[{"href":"https:\/\/dendropark.eu\/index.php?rest_route=\/wp\/v2\/pages"}],"about":[{"href":"https:\/\/dendropark.eu\/index.php?rest_route=\/wp\/v2\/types\/page"}],"author":[{"embeddable":true,"href":"https:\/\/dendropark.eu\/index.php?rest_route=\/wp\/v2\/users\/1"}],"replies":[{"embeddable":true,"href":"https:\/\/dendropark.eu\/index.php?rest_route=%2Fwp%2Fv2%2Fcomments&post=17"}],"version-history":[{"count":24,"href":"https:\/\/dendropark.eu\/index.php?rest_route=\/wp\/v2\/pages\/17\/revisions"}],"predecessor-version":[{"id":149,"href":"https:\/\/dendropark.eu\/index.php?rest_route=\/wp\/v2\/pages\/17\/revisions\/149"}],"wp:attachment":[{"href":"https:\/\/dendropark.eu\/index.php?rest_route=%2Fwp%2Fv2%2Fmedia&parent=17"}],"curies":[{"name":"wp","href":"https:\/\/api.w.org\/{rel}","templated":true}]}}